{"id":3,"date":"2023-02-14T19:55:28","date_gmt":"2023-02-14T18:55:28","guid":{"rendered":"http:\/\/www.dcmitsecurity.com\/?page_id=3"},"modified":"2024-01-19T10:04:44","modified_gmt":"2024-01-19T09:04:44","slug":"politique-de-confidentialite","status":"publish","type":"page","link":"https:\/\/www.dcmitsecurity.com\/index.php\/politique-de-confidentialite\/","title":{"rendered":"Politique de confidentialit\u00e9"},"content":{"rendered":"\n<p>La protection des donn\u00e9es des visiteurs de mon site Web est tr\u00e8s importante pour moi. Cette page explique l\u2019utilisation que je fais des informations personnelles collect\u00e9es sur le site dcmitsecurity.com.<\/p>\n\n\n\n<h3 class=\"wp-block-heading\">Formulaire de contact<\/h3>\n\n\n\n<p>Le site internet recueille, par le biais du formulaire de contact, votre nom et adresse e-mail.<br>De plus, le site enregistre automatiquement des informations \u00e0 partir de votre ordinateur, de votre smartphone ou tablette et de votre navigateur : votre adresse IP, votre syst\u00e8me d\u2019exploitation, le navigateur que vous employez et la page depuis laquelle vous avez rempli les informations.<\/p>\n\n\n\n<h3 class=\"wp-block-heading\"><strong>Google analytics<\/strong><\/h3>\n\n\n\n<p>Ce site utilise&nbsp;<strong>Google Analytics<\/strong>, un service d&rsquo;analyse de site internet fourni par Google Inc. (\u00abGoogle\u00bb) :<\/p>\n\n\n\n<ul class=\"wp-block-list\">\n<li>Google Analytics&nbsp;<strong>utilise des cookies<\/strong>, qui sont des fichiers texte plac\u00e9s sur votre ordinateur, pour aider le site internet \u00e0 analyser l&rsquo;utilisation du site par ses utilisateurs.<\/li>\n<\/ul>\n\n\n\n<ul class=\"wp-block-list\">\n<li>Les donn\u00e9es g\u00e9n\u00e9r\u00e9es par les cookies concernant votre utilisation du site (y compris votre adresse IP) seront&nbsp;<strong>transmises et stock\u00e9es par Google sur des serveurs situ\u00e9s aux Etats-Unis<\/strong>.<\/li>\n<\/ul>\n\n\n\n<ul class=\"wp-block-list\">\n<li>Google utilisera cette information dans le but d&rsquo;<strong>\u00e9valuer votre utilisation du site<\/strong>, de compiler des rapports sur l&rsquo;activit\u00e9 du site \u00e0 destination de son \u00e9diteur et de fournir d&rsquo;autres services relatifs \u00e0 l&rsquo;activit\u00e9 du site et \u00e0 l&rsquo;utilisation d&rsquo;Internet.<\/li>\n<\/ul>\n\n\n\n<ul class=\"wp-block-list\">\n<li>Google est&nbsp;<strong>susceptible de communiquer ces donn\u00e9es \u00e0 des tiers en cas d&rsquo;obligation l\u00e9gale<\/strong>&nbsp;ou lorsque ces tiers traitent ces donn\u00e9es pour le compte de Google, y compris notamment l&rsquo;\u00e9diteur de ce site.<\/li>\n<\/ul>\n\n\n\n<ul class=\"wp-block-list\">\n<li>Google&nbsp;<strong>ne recoupera pas votre adresse IP&nbsp;<\/strong>avec toute autre donn\u00e9e d\u00e9tenue par Google.<\/li>\n<\/ul>\n\n\n\n<ul class=\"wp-block-list\">\n<li>Vous pouvez&nbsp;<strong>d\u00e9sactiver l&rsquo;utilisation de cookies<\/strong>&nbsp;en s\u00e9lectionnant les param\u00e8tres appropri\u00e9s de votre navigateur. Cependant, une telle d\u00e9sactivation pourrait emp\u00eacher l&rsquo;utilisation de certaines fonctionnalit\u00e9s de ce site.<\/li>\n<\/ul>\n\n\n\n<p>En utilisant ce site internet, vous consentez express\u00e9ment au traitement de vos donn\u00e9es par Google dans les conditions et pour les finalit\u00e9s d\u00e9crites ci-dessus.<\/p>\n\n\n\n<h3 class=\"wp-block-heading\"><strong>reCAPTCHA<\/strong><\/h3>\n\n\n\n<p>Le site utilise le service reCAPTCHA de Google Inc. (Google) pour prot\u00e9ger les entr\u00e9es des formulaires sur le site. Ce service est utilis\u00e9 pour diff\u00e9rencier les entr\u00e9es faites par un \u00eatre humain des abus automatis\u00e9s. Cela implique l&rsquo;envoi de l&rsquo;adresse IP et \u00e9ventuellement d&rsquo;autres donn\u00e9es requises par Google pour le service reCAPTCHA. \u00c0 cette fin, vos donn\u00e9es seront communiqu\u00e9es \u00e0 Google et utilis\u00e9es par leurs services. Au nom de l&rsquo;exploitant de ce site Web, Google utilisera ces informations pour \u00e9valuer votre utilisation de ce service.  <br>En utilisant le service reCAPTCHA, vous consentez au traitement des donn\u00e9es vous concernant par Google, de la mani\u00e8re et aux fins \u00e9nonc\u00e9es ci-dessus.<\/p>\n\n\n\n<p>Ces collections de donn\u00e9es sont sujettes \u00e0 la Charte de confidentialit\u00e9 de Google. Pour plus d&rsquo;informations concernant la politique de confidentialit\u00e9 de Google, rendez-vous sur la page :&nbsp;<a href=\"https:\/\/policies.google.com\/privacy?hl=fr\">https:\/\/policies.google.com\/privacy?hl=fr<\/a><\/p>\n\n\n\n<h3 class=\"wp-block-heading\">Dur\u00e9e de stockage de vos donn\u00e9es<\/h3>\n\n\n\n<p>Si vous me contactez via le formulaire de contact, le message ainsi que les m\u00e9tadonn\u00e9es sont conserv\u00e9s ind\u00e9finiment, afin d&rsquo;assurer un historique des contacts. <\/p>\n\n\n\n<h3 class=\"wp-block-heading\">Les droits que vous avez sur vos donn\u00e9es<\/h3>\n\n\n\n<p>Si vous m&rsquo;avez contact\u00e9 via le formulaire de contact, vous pouvez demander \u00e0 recevoir un fichier contenant toutes les donn\u00e9es personnelles que je poss\u00e8de \u00e0 votre sujet, incluant celles que vous m&rsquo;avez fournies. Vous pouvez \u00e9galement demander la suppression des donn\u00e9es personnelles vous concernant. Pour cela, vous pouvez me contacter sur l&rsquo;adresse <a href=\"mailto:protectiondesdonnees@dcmitsecurity.com\">protectiondesdonnees@dcmitsecurity.com<\/a>.<\/p>\n\n\n\n<p>Si vous estimez, apr\u00e8s m&rsquo;avoir contact\u00e9, que vos droits ne sont pas respect\u00e9s ou que le traitement n\u2019est pas conforme \u00e0 la r\u00e9glementation sur la protection des donn\u00e9es \u00e0 caract\u00e8re personnel, vous pouvez adresser une r\u00e9clamation \u00e0 la CNIL.<\/p>\n","protected":false},"excerpt":{"rendered":"<p>La protection des donn\u00e9es des visiteurs de mon site Web est tr\u00e8s importante pour moi. Cette page explique l\u2019utilisation que je fais des informations personnelles collect\u00e9es sur le site dcmitsecurity.com. Formulaire de contact Le site internet recueille, par le biais du formulaire de contact, votre nom et adresse e-mail.De plus, le site enregistre automatiquement des &hellip;<\/p>\n<p class=\"read-more\"> <a class=\"\" href=\"https:\/\/www.dcmitsecurity.com\/index.php\/politique-de-confidentialite\/\"> <span class=\"screen-reader-text\">Politique de confidentialit\u00e9<\/span> Lire la suite\u00a0\u00bb<\/a><\/p>\n","protected":false},"author":1,"featured_media":0,"parent":0,"menu_order":0,"comment_status":"closed","ping_status":"open","template":"","meta":{"_monsterinsights_skip_tracking":false,"_monsterinsights_sitenote_active":false,"_monsterinsights_sitenote_note":"","_monsterinsights_sitenote_category":0,"site-sidebar-layout":"default","site-content-layout":"","ast-site-content-layout":"default","site-content-style":"default","site-sidebar-style":"default","ast-global-header-display":"","ast-banner-title-visibility":"","ast-main-header-display":"","ast-hfb-above-header-display":"","ast-hfb-below-header-display":"","ast-hfb-mobile-header-display":"","site-post-title":"","ast-breadcrumbs-content":"","ast-featured-img":"","footer-sml-layout":"","theme-transparent-header-meta":"","adv-header-id-meta":"","stick-header-meta":"","header-above-stick-meta":"","header-main-stick-meta":"","header-below-stick-meta":"","astra-migrate-meta-layouts":"set","ast-page-background-enabled":"default","ast-page-background-meta":{"desktop":{"background-color":"","background-image":"","background-repeat":"repeat","background-position":"center center","background-size":"auto","background-attachment":"scroll","background-type":"","background-media":"","overlay-type":"","overlay-color":"","overlay-gradient":""},"tablet":{"background-color":"","background-image":"","background-repeat":"repeat","background-position":"center center","background-size":"auto","background-attachment":"scroll","background-type":"","background-media":"","overlay-type":"","overlay-color":"","overlay-gradient":""},"mobile":{"background-color":"","background-image":"","background-repeat":"repeat","background-position":"center center","background-size":"auto","background-attachment":"scroll","background-type":"","background-media":"","overlay-type":"","overlay-color":"","overlay-gradient":""}},"ast-content-background-meta":{"desktop":{"background-color":"var(--ast-global-color-5)","background-image":"","background-repeat":"repeat","background-position":"center center","background-size":"auto","background-attachment":"scroll","background-type":"","background-media":"","overlay-type":"","overlay-color":"","overlay-gradient":""},"tablet":{"background-color":"var(--ast-global-color-5)","background-image":"","background-repeat":"repeat","background-position":"center center","background-size":"auto","background-attachment":"scroll","background-type":"","background-media":"","overlay-type":"","overlay-color":"","overlay-gradient":""},"mobile":{"background-color":"var(--ast-global-color-5)","background-image":"","background-repeat":"repeat","background-position":"center center","background-size":"auto","background-attachment":"scroll","background-type":"","background-media":"","overlay-type":"","overlay-color":"","overlay-gradient":""}},"_themeisle_gutenberg_block_has_review":false,"footnotes":""},"class_list":["post-3","page","type-page","status-publish","hentry"],"_links":{"self":[{"href":"https:\/\/www.dcmitsecurity.com\/index.php\/wp-json\/wp\/v2\/pages\/3","targetHints":{"allow":["GET"]}}],"collection":[{"href":"https:\/\/www.dcmitsecurity.com\/index.php\/wp-json\/wp\/v2\/pages"}],"about":[{"href":"https:\/\/www.dcmitsecurity.com\/index.php\/wp-json\/wp\/v2\/types\/page"}],"author":[{"embeddable":true,"href":"https:\/\/www.dcmitsecurity.com\/index.php\/wp-json\/wp\/v2\/users\/1"}],"replies":[{"embeddable":true,"href":"https:\/\/www.dcmitsecurity.com\/index.php\/wp-json\/wp\/v2\/comments?post=3"}],"version-history":[{"count":10,"href":"https:\/\/www.dcmitsecurity.com\/index.php\/wp-json\/wp\/v2\/pages\/3\/revisions"}],"predecessor-version":[{"id":2674,"href":"https:\/\/www.dcmitsecurity.com\/index.php\/wp-json\/wp\/v2\/pages\/3\/revisions\/2674"}],"wp:attachment":[{"href":"https:\/\/www.dcmitsecurity.com\/index.php\/wp-json\/wp\/v2\/media?parent=3"}],"curies":[{"name":"wp","href":"https:\/\/api.w.org\/{rel}","templated":true}]}}